{"id":404,"date":"2020-06-10T17:30:30","date_gmt":"2020-06-10T17:30:30","guid":{"rendered":"https:\/\/demo.themexbd.com\/wpt\/devien\/service"},"modified":"2022-12-19T15:49:10","modified_gmt":"2022-12-19T15:49:10","slug":"service","status":"publish","type":"page","link":"https:\/\/mkaexcellence.com\/?page_id=404","title":{"rendered":"Restaurant"},"content":{"rendered":"\t\t<div data-elementor-type=\"wp-page\" data-elementor-id=\"404\" class=\"elementor elementor-404\">\n\t\t\t\t\t\t\t\t\t<section class=\"elementor-section elementor-top-section elementor-element elementor-element-2569866 elementor-section-boxed elementor-section-height-default elementor-section-height-default\" data-id=\"2569866\" data-element_type=\"section\">\n\t\t\t\t\t\t<div class=\"elementor-container elementor-column-gap-default\">\n\t\t\t\t\t<div class=\"elementor-column elementor-col-100 elementor-top-column elementor-element elementor-element-925d378\" data-id=\"925d378\" data-element_type=\"column\">\n\t\t\t<div class=\"elementor-widget-wrap elementor-element-populated\">\n\t\t\t\t\t\t\t\t<div class=\"elementor-element elementor-element-4980ed5 elementor-widget__width-inherit elementor-widget elementor-widget-text-editor\" data-id=\"4980ed5\" data-element_type=\"widget\" data-widget_type=\"text-editor.default\">\n\t\t\t\t<div class=\"elementor-widget-container\">\n\t\t\t<style>\/*! elementor - v3.9.0 - 06-12-2022 *\/\n.elementor-widget-text-editor.elementor-drop-cap-view-stacked .elementor-drop-cap{background-color:#818a91;color:#fff}.elementor-widget-text-editor.elementor-drop-cap-view-framed .elementor-drop-cap{color:#818a91;border:3px solid;background-color:transparent}.elementor-widget-text-editor:not(.elementor-drop-cap-view-default) .elementor-drop-cap{margin-top:8px}.elementor-widget-text-editor:not(.elementor-drop-cap-view-default) .elementor-drop-cap-letter{width:1em;height:1em}.elementor-widget-text-editor .elementor-drop-cap{float:left;text-align:center;line-height:1;font-size:50px}.elementor-widget-text-editor .elementor-drop-cap-letter{display:inline-block}<\/style>\t\t\t\t<p>Chez MKA EXCELLENCE, il n&#8217;y a d&#8217;autre ambition ambition que celle de proposer une cuisine sinc\u00e8re, ancr\u00e9e dans les saisons, authentique, mais moderne, joyeuse et g\u00e9n\u00e9reuse. Nous la voulons au choix d\u00e9gust\u00e9, aval\u00e9e, d\u00e9vor\u00e9e, engloutie( c&#8217;est vous qui voyer) dans un une ambiance d\u00e9contract\u00e9e, simple et bon enfant. Que vous ayez 30mns ou ces 2h vous donnent envie de revenir,<\/p>\t\t\t\t\t\t<\/div>\n\t\t\t\t<\/div>\n\t\t\t\t<div class=\"elementor-element elementor-element-de1af55 elementor-widget elementor-widget-image\" data-id=\"de1af55\" data-element_type=\"widget\" data-widget_type=\"image.default\">\n\t\t\t\t<div class=\"elementor-widget-container\">\n\t\t\t<style>\/*! elementor - v3.9.0 - 06-12-2022 *\/\n.elementor-widget-image{text-align:center}.elementor-widget-image a{display:inline-block}.elementor-widget-image a img[src$=\".svg\"]{width:48px}.elementor-widget-image img{vertical-align:middle;display:inline-block}<\/style>\t\t\t\t\t\t\t\t\t\t\t\t<img loading=\"lazy\" decoding=\"async\" width=\"1024\" height=\"317\" src=\"https:\/\/mkaexcellence.com\/wp-content\/uploads\/2022\/12\/rest5.png\" class=\"attachment-large size-large wp-image-16510\" alt=\"\" srcset=\"https:\/\/mkaexcellence.com\/wp-content\/uploads\/2022\/12\/rest5.png 1024w, https:\/\/mkaexcellence.com\/wp-content\/uploads\/2022\/12\/rest5-300x93.png 300w, https:\/\/mkaexcellence.com\/wp-content\/uploads\/2022\/12\/rest5-768x238.png 768w, https:\/\/mkaexcellence.com\/wp-content\/uploads\/2022\/12\/rest5-600x186.png 600w\" sizes=\"auto, (max-width: 1024px) 100vw, 1024px\" \/>\t\t\t\t\t\t\t\t\t\t\t\t\t\t\t<\/div>\n\t\t\t\t<\/div>\n\t\t\t\t\t<\/div>\n\t\t<\/div>\n\t\t\t\t\t\t\t<\/div>\n\t\t<\/section>\n\t\t\t\t<section class=\"elementor-section elementor-top-section elementor-element elementor-element-78e9a67 elementor-section-boxed elementor-section-height-default elementor-section-height-default\" data-id=\"78e9a67\" data-element_type=\"section\">\n\t\t\t\t\t\t<div class=\"elementor-container elementor-column-gap-default\">\n\t\t\t\t\t<div class=\"elementor-column elementor-col-100 elementor-top-column elementor-element elementor-element-99e5db5\" data-id=\"99e5db5\" data-element_type=\"column\">\n\t\t\t<div class=\"elementor-widget-wrap elementor-element-populated\">\n\t\t\t\t\t\t\t\t<div class=\"elementor-element elementor-element-1c18126 elementor-widget elementor-widget-text-editor\" data-id=\"1c18126\" data-element_type=\"widget\" data-widget_type=\"text-editor.default\">\n\t\t\t\t<div class=\"elementor-widget-container\">\n\t\t\t\t\t\t\t<p>C&#8217;est un restaurant convivial, ou r\u00e8gne la simplicit\u00e9, on y trouve une ambiance de d\u00e9tente ou l&#8217;on s&#8217;y sens bien.<\/p>\t\t\t\t\t\t<\/div>\n\t\t\t\t<\/div>\n\t\t\t\t\t<\/div>\n\t\t<\/div>\n\t\t\t\t\t\t\t<\/div>\n\t\t<\/section>\n\t\t\t\t<section class=\"elementor-section elementor-top-section elementor-element elementor-element-2ddda02 elementor-section-boxed elementor-section-height-default elementor-section-height-default\" data-id=\"2ddda02\" data-element_type=\"section\">\n\t\t\t\t\t\t<div class=\"elementor-container elementor-column-gap-default\">\n\t\t\t\t\t<div class=\"elementor-column elementor-col-50 elementor-top-column elementor-element elementor-element-2996978\" data-id=\"2996978\" data-element_type=\"column\">\n\t\t\t<div class=\"elementor-widget-wrap elementor-element-populated\">\n\t\t\t\t\t\t\t\t<div class=\"elementor-element elementor-element-83338db elementor-widget elementor-widget-image\" data-id=\"83338db\" data-element_type=\"widget\" data-widget_type=\"image.default\">\n\t\t\t\t<div class=\"elementor-widget-container\">\n\t\t\t\t\t\t\t\t\t\t\t\t\t\t\t<img loading=\"lazy\" decoding=\"async\" width=\"600\" height=\"360\" src=\"https:\/\/mkaexcellence.com\/wp-content\/uploads\/2022\/12\/rest2.jpeg\" class=\"attachment-large size-large wp-image-16507\" alt=\"\" srcset=\"https:\/\/mkaexcellence.com\/wp-content\/uploads\/2022\/12\/rest2.jpeg 600w, https:\/\/mkaexcellence.com\/wp-content\/uploads\/2022\/12\/rest2-300x180.jpeg 300w\" sizes=\"auto, (max-width: 600px) 100vw, 600px\" \/>\t\t\t\t\t\t\t\t\t\t\t\t\t\t\t<\/div>\n\t\t\t\t<\/div>\n\t\t\t\t\t<\/div>\n\t\t<\/div>\n\t\t\t\t<div class=\"elementor-column elementor-col-50 elementor-top-column elementor-element elementor-element-2abccbf\" data-id=\"2abccbf\" data-element_type=\"column\">\n\t\t\t<div class=\"elementor-widget-wrap elementor-element-populated\">\n\t\t\t\t\t\t\t\t<div class=\"elementor-element elementor-element-1d3438f elementor-widget elementor-widget-text-editor\" data-id=\"1d3438f\" data-element_type=\"widget\" data-widget_type=\"text-editor.default\">\n\t\t\t\t<div class=\"elementor-widget-container\">\n\t\t\t\t\t\t\t<p>Le\u00a0<b>thieb<\/b>\u00a0est un plat mijot\u00e9 \u00e0 base de sauce tomate, de l\u00e9gumes (gombo, chou, carottes, manioc, patate douce etc.), et de poisson ou de viande, selon les versions. Il est servi avec du riz \u00ab cass\u00e9 \u00bb, c&#8217;est-\u00e0-dire avec un grain bris\u00e9 en morceaux. Le <em>thi\u00e9bou dieune<\/em> est le plat le plus connu au S\u00e9n\u00e9gal et comme l&#8217;indique son nom en wolof c&#8217;est un plat fait \u00e0 base de riz et de poisson. La consommation du yassa s\u2019est r\u00e9pandue dans toute l\u2019Afrique subsaharienne et au-del\u00e0.\u00a0<\/p><div class=\"d4rhi\"><div class=\"XN9cAe\"><div lang=\"fr\" data-hveid=\"CD8QAA\" data-ved=\"2ahUKEwiJ6Nru6YX8AhXoVaQEHfaQCpMQtJkDKAB6BAg_EAA\"><div class=\"GLI8Bc UK95Uc\" data-sokoban-container=\"ih6Jnb_dNUxxd\"><div class=\"Z26q7c UK95Uc jGGQ5e VGXe8\" data-header-feature=\"0\">\u00a0<\/div><\/div><\/div><\/div><\/div>\t\t\t\t\t\t<\/div>\n\t\t\t\t<\/div>\n\t\t\t\t\t<\/div>\n\t\t<\/div>\n\t\t\t\t\t\t\t<\/div>\n\t\t<\/section>\n\t\t\t\t<section class=\"elementor-section elementor-top-section elementor-element elementor-element-7ddbadb elementor-section-boxed elementor-section-height-default elementor-section-height-default\" data-id=\"7ddbadb\" data-element_type=\"section\">\n\t\t\t\t\t\t<div class=\"elementor-container elementor-column-gap-default\">\n\t\t\t\t\t<div class=\"elementor-column elementor-col-50 elementor-top-column elementor-element elementor-element-c7ffbd7\" data-id=\"c7ffbd7\" data-element_type=\"column\">\n\t\t\t<div class=\"elementor-widget-wrap elementor-element-populated\">\n\t\t\t\t\t\t\t\t<div class=\"elementor-element elementor-element-874bce7 elementor-widget elementor-widget-text-editor\" data-id=\"874bce7\" data-element_type=\"widget\" data-widget_type=\"text-editor.default\">\n\t\t\t\t<div class=\"elementor-widget-container\">\n\t\t\t\t\t\t\t<p><span data-contrast=\"auto\">Aujourd\u2019hui, on vous emm\u00e8ne \u00e0 la d\u00e9couverte du dibi<\/span><span data-contrast=\"auto\">. Les amateurs de viande vont se r\u00e9galer ! Alors, quelles sont les origines de ce plat typiquement s\u00e9n\u00e9galais<\/span><span data-contrast=\"auto\">, servi dans notre restaurant <\/span><b><span data-contrast=\"auto\">MKA EXCELLENCE<\/span><\/b><span data-contrast=\"auto\">? De quoi est-il compos\u00e9 ? Comment le pr\u00e9parer ? Avec quoi le d\u00e9guster ? On vous dit tout sur ce plat incontournable de la street africaine <\/span><span data-contrast=\"auto\">qui ravira vos papilles et celles de vos convives.<\/span><span data-ccp-props=\"{&quot;201341983&quot;:0,&quot;335559740&quot;:276}\"> C\u2019est un plat abordable\u00a0servi \u00e0 tous les coins de rue, parfois m\u00eame 24h\/24 ! Il est vendu en morceaux ou en brochette \u00e0 d\u00e9guster sur le pouce.\u00a0<\/span><\/p>\t\t\t\t\t\t<\/div>\n\t\t\t\t<\/div>\n\t\t\t\t\t<\/div>\n\t\t<\/div>\n\t\t\t\t<div class=\"elementor-column elementor-col-50 elementor-top-column elementor-element elementor-element-dedb0ee\" data-id=\"dedb0ee\" data-element_type=\"column\">\n\t\t\t<div class=\"elementor-widget-wrap elementor-element-populated\">\n\t\t\t\t\t\t\t\t<div class=\"elementor-element elementor-element-88463a0 elementor-widget elementor-widget-image\" data-id=\"88463a0\" data-element_type=\"widget\" data-widget_type=\"image.default\">\n\t\t\t\t<div class=\"elementor-widget-container\">\n\t\t\t\t\t\t\t\t\t\t\t\t\t\t\t<img loading=\"lazy\" decoding=\"async\" width=\"1024\" height=\"768\" src=\"https:\/\/mkaexcellence.com\/wp-content\/uploads\/2022\/12\/ret10.jpeg\" class=\"attachment-large size-large wp-image-16514\" alt=\"\" srcset=\"https:\/\/mkaexcellence.com\/wp-content\/uploads\/2022\/12\/ret10.jpeg 1024w, https:\/\/mkaexcellence.com\/wp-content\/uploads\/2022\/12\/ret10-300x225.jpeg 300w, https:\/\/mkaexcellence.com\/wp-content\/uploads\/2022\/12\/ret10-768x576.jpeg 768w, https:\/\/mkaexcellence.com\/wp-content\/uploads\/2022\/12\/ret10-600x450.jpeg 600w\" sizes=\"auto, (max-width: 1024px) 100vw, 1024px\" \/>\t\t\t\t\t\t\t\t\t\t\t\t\t\t\t<\/div>\n\t\t\t\t<\/div>\n\t\t\t\t\t<\/div>\n\t\t<\/div>\n\t\t\t\t\t\t\t<\/div>\n\t\t<\/section>\n\t\t\t\t<section class=\"elementor-section elementor-top-section elementor-element elementor-element-2d8f528 elementor-section-boxed elementor-section-height-default elementor-section-height-default\" data-id=\"2d8f528\" data-element_type=\"section\">\n\t\t\t\t\t\t<div class=\"elementor-container elementor-column-gap-default\">\n\t\t\t\t\t<div class=\"elementor-column elementor-col-50 elementor-top-column elementor-element elementor-element-6b1d044\" data-id=\"6b1d044\" data-element_type=\"column\">\n\t\t\t<div class=\"elementor-widget-wrap elementor-element-populated\">\n\t\t\t\t\t\t\t\t<div class=\"elementor-element elementor-element-0353114 elementor-widget elementor-widget-image\" data-id=\"0353114\" data-element_type=\"widget\" data-widget_type=\"image.default\">\n\t\t\t\t<div class=\"elementor-widget-container\">\n\t\t\t\t\t\t\t\t\t\t\t\t\t\t\t<img loading=\"lazy\" decoding=\"async\" width=\"1024\" height=\"788\" src=\"https:\/\/mkaexcellence.com\/wp-content\/uploads\/2022\/12\/rest4-1024x788.jpeg\" class=\"attachment-large size-large wp-image-16509\" alt=\"\" srcset=\"https:\/\/mkaexcellence.com\/wp-content\/uploads\/2022\/12\/rest4-1024x788.jpeg 1024w, https:\/\/mkaexcellence.com\/wp-content\/uploads\/2022\/12\/rest4-300x231.jpeg 300w, https:\/\/mkaexcellence.com\/wp-content\/uploads\/2022\/12\/rest4-768x591.jpeg 768w, https:\/\/mkaexcellence.com\/wp-content\/uploads\/2022\/12\/rest4-600x462.jpeg 600w, https:\/\/mkaexcellence.com\/wp-content\/uploads\/2022\/12\/rest4.jpeg 1056w\" sizes=\"auto, (max-width: 1024px) 100vw, 1024px\" \/>\t\t\t\t\t\t\t\t\t\t\t\t\t\t\t<\/div>\n\t\t\t\t<\/div>\n\t\t\t\t\t<\/div>\n\t\t<\/div>\n\t\t\t\t<div class=\"elementor-column elementor-col-50 elementor-top-column elementor-element elementor-element-426d34e\" data-id=\"426d34e\" data-element_type=\"column\">\n\t\t\t<div class=\"elementor-widget-wrap elementor-element-populated\">\n\t\t\t\t\t\t\t\t<div class=\"elementor-element elementor-element-2ea7a7c elementor-widget elementor-widget-text-editor\" data-id=\"2ea7a7c\" data-element_type=\"widget\" data-widget_type=\"text-editor.default\">\n\t\t\t\t<div class=\"elementor-widget-container\">\n\t\t\t\t\t\t\t<p>C&#8217;est un plat simple, rapide \u00e0 faire et souvent appr\u00e9ci\u00e9 de tous gr\u00e2ce \u00e0 ses ingr\u00e9dients de base simples et \u00e9conomiques. cette petite sauce citronn\u00e9e aux oignons accompagn\u00e9 de riz blanc. Le Yassa est un plat originaire du S\u00e9n\u00e9gal et essentiellement constitu\u00e9 d\u2019oignons coup\u00e9s en lamelles. Tr\u00e8s rapide \u00e0 cuisiner, c\u2019est l\u00e0 un plat d\u00e9licieux et tr\u00e8s appr\u00e9ci\u00e9 qui saura r\u00e9jouir vos papilles gustatives ! Simple et \u00e9conomique, le yassa est la solution pratique pour ceux-l\u00e0 qui souhaitent bien manger sans trop d\u2019efforts. Il se cuisine g\u00e9n\u00e9ralement \u00e0 base de viande (poulet, mouton, agneau\u2026) ou de poisson marin\u00e9s dans du jus de citron. Le plus connu de tous reste le Yassa poulet : le poulet marin\u00e9 peut \u00eatre frit ou brais\u00e9. Pour les plus gourmands, le poulet brais\u00e9 est l\u2019id\u00e9al\u2026<br \/><br \/><\/p>\t\t\t\t\t\t<\/div>\n\t\t\t\t<\/div>\n\t\t\t\t\t<\/div>\n\t\t<\/div>\n\t\t\t\t\t\t\t<\/div>\n\t\t<\/section>\n\t\t\t\t<section class=\"elementor-section elementor-top-section elementor-element elementor-element-d4a069d elementor-section-boxed elementor-section-height-default elementor-section-height-default\" data-id=\"d4a069d\" data-element_type=\"section\">\n\t\t\t\t\t\t<div class=\"elementor-container elementor-column-gap-default\">\n\t\t\t\t\t<div class=\"elementor-column elementor-col-100 elementor-top-column elementor-element elementor-element-7ec6898\" data-id=\"7ec6898\" data-element_type=\"column\">\n\t\t\t<div class=\"elementor-widget-wrap elementor-element-populated\">\n\t\t\t\t\t\t\t\t<div class=\"elementor-element elementor-element-784774f elementor-widget elementor-widget-text-editor\" data-id=\"784774f\" data-element_type=\"widget\" data-widget_type=\"text-editor.default\">\n\t\t\t\t<div class=\"elementor-widget-container\">\n\t\t\t\t\t\t\t<h1>Ceci est un yassa poulet<\/h1><p>Le yassa est un plat d\u2019origine s\u00e9n\u00e9galaise \u00e0 base d&#8217;oignons frits et de riz et qui peut \u00eatre accompagn\u00e9 de viande marin\u00e9e dans le citron puis frite ou brais\u00e9e, de poulet ou de poisson. C&#8217;est un plat simple, rapide \u00e0 faire et souvent appr\u00e9ci\u00e9 de tous gr\u00e2ce \u00e0 ses ingr\u00e9dients de base simples et \u00e9conomiques.<\/p>\t\t\t\t\t\t<\/div>\n\t\t\t\t<\/div>\n\t\t\t\t<div class=\"elementor-element elementor-element-5906e40 elementor-widget elementor-widget-image\" data-id=\"5906e40\" data-element_type=\"widget\" data-widget_type=\"image.default\">\n\t\t\t\t<div class=\"elementor-widget-container\">\n\t\t\t\t\t\t\t\t\t\t\t\t\t\t\t<img loading=\"lazy\" decoding=\"async\" width=\"600\" height=\"400\" src=\"https:\/\/mkaexcellence.com\/wp-content\/uploads\/2022\/12\/rest3.jpeg\" class=\"attachment-large size-large wp-image-16508\" alt=\"\" srcset=\"https:\/\/mkaexcellence.com\/wp-content\/uploads\/2022\/12\/rest3.jpeg 600w, https:\/\/mkaexcellence.com\/wp-content\/uploads\/2022\/12\/rest3-300x200.jpeg 300w\" sizes=\"auto, (max-width: 600px) 100vw, 600px\" \/>\t\t\t\t\t\t\t\t\t\t\t\t\t\t\t<\/div>\n\t\t\t\t<\/div>\n\t\t\t\t\t<\/div>\n\t\t<\/div>\n\t\t\t\t\t\t\t<\/div>\n\t\t<\/section>\n\t\t\t\t<section class=\"elementor-section elementor-top-section elementor-element elementor-element-449b3a7 elementor-section-boxed elementor-section-height-default elementor-section-height-default\" data-id=\"449b3a7\" data-element_type=\"section\">\n\t\t\t\t\t\t<div class=\"elementor-container elementor-column-gap-default\">\n\t\t\t\t\t<div class=\"elementor-column elementor-col-100 elementor-top-column elementor-element elementor-element-8d4438e\" data-id=\"8d4438e\" data-element_type=\"column\">\n\t\t\t<div class=\"elementor-widget-wrap\">\n\t\t\t\t\t\t\t\t\t<\/div>\n\t\t<\/div>\n\t\t\t\t\t\t\t<\/div>\n\t\t<\/section>\n\t\t\t\t\t\t\t<\/div>\n\t\t","protected":false},"excerpt":{"rendered":"<p>Chez MKA EXCELLENCE, il n&#8217;y a d&#8217;autre ambition ambition que celle de proposer une cuisine sinc\u00e8re, ancr\u00e9e dans les saisons, authentique, mais moderne, joyeuse et g\u00e9n\u00e9reuse. Nous la voulons au choix d\u00e9gust\u00e9, aval\u00e9e, d\u00e9vor\u00e9e, engloutie( c&#8217;est vous qui voyer) dans un une ambiance d\u00e9contract\u00e9e, simple et bon enfant. Que vous ayez 30mns ou ces 2h [&hellip;]<\/p>\n","protected":false},"author":1,"featured_media":0,"parent":0,"menu_order":0,"comment_status":"closed","ping_status":"closed","template":"","meta":{"footnotes":""},"class_list":["post-404","page","type-page","status-publish","hentry"],"_links":{"self":[{"href":"https:\/\/mkaexcellence.com\/index.php?rest_route=\/wp\/v2\/pages\/404","targetHints":{"allow":["GET"]}}],"collection":[{"href":"https:\/\/mkaexcellence.com\/index.php?rest_route=\/wp\/v2\/pages"}],"about":[{"href":"https:\/\/mkaexcellence.com\/index.php?rest_route=\/wp\/v2\/types\/page"}],"author":[{"embeddable":true,"href":"https:\/\/mkaexcellence.com\/index.php?rest_route=\/wp\/v2\/users\/1"}],"replies":[{"embeddable":true,"href":"https:\/\/mkaexcellence.com\/index.php?rest_route=%2Fwp%2Fv2%2Fcomments&post=404"}],"version-history":[{"count":114,"href":"https:\/\/mkaexcellence.com\/index.php?rest_route=\/wp\/v2\/pages\/404\/revisions"}],"predecessor-version":[{"id":16620,"href":"https:\/\/mkaexcellence.com\/index.php?rest_route=\/wp\/v2\/pages\/404\/revisions\/16620"}],"wp:attachment":[{"href":"https:\/\/mkaexcellence.com\/index.php?rest_route=%2Fwp%2Fv2%2Fmedia&parent=404"}],"curies":[{"name":"wp","href":"https:\/\/api.w.org\/{rel}","templated":true}]}}