{"id":15068,"date":"2021-10-11T09:50:47","date_gmt":"2021-10-11T09:50:47","guid":{"rendered":"http:\/\/localhost\/starntile\/?page_id=15068"},"modified":"2022-12-19T14:03:59","modified_gmt":"2022-12-19T14:03:59","slug":"extraction-worker","status":"publish","type":"page","link":"https:\/\/mkaexcellence.com\/?page_id=15068","title":{"rendered":"Graissage"},"content":{"rendered":"\t\t<div data-elementor-type=\"wp-page\" data-elementor-id=\"15068\" class=\"elementor elementor-15068\">\n\t\t\t\t\t\t\t\t\t<section class=\"elementor-section elementor-top-section elementor-element elementor-element-432ba86 elementor-section-boxed elementor-section-height-default elementor-section-height-default\" data-id=\"432ba86\" data-element_type=\"section\" data-settings=\"{&quot;background_background&quot;:&quot;classic&quot;}\">\n\t\t\t\t\t\t<div class=\"elementor-container elementor-column-gap-default\">\n\t\t\t\t\t<div class=\"elementor-column elementor-col-33 elementor-top-column elementor-element elementor-element-6508a7f\" data-id=\"6508a7f\" data-element_type=\"column\">\n\t\t\t<div class=\"elementor-widget-wrap elementor-element-populated\">\n\t\t\t\t\t\t\t\t<div class=\"elementor-element elementor-element-b1d9c92 elementor-widget elementor-widget-witr_section_service\" data-id=\"b1d9c92\" data-element_type=\"widget\" data-widget_type=\"witr_section_service.default\">\n\t\t\t\t<div class=\"elementor-widget-container\">\n\t\t\t\t\n\t\t\n\t\t\t<div class=\"em-service2 sleft all_color_service\">\n\t\t\t\t<div class=\"em_service_content \">\n\t\t\t\t\t<div class=\"em_single_service_text  \">\n\t\t\t\t\t\t<div class=\"service_top_image\">\n\t\t\t\t\t\t\t<!-- image -->\n\t\t\t\t\t\t\t\t\t\t\n\t\t\t\t\t\t<\/div>\n\t\t\t\t\t\t<div class=\"text_box witr_s_flex\">\n\t\t\t\t\t\t\t<div class=\"service_top_text all_icon_color\">\n\t\t\t\t\t\t\t\t<div class=\"em-service-icon\">\n\t\t\t\t\t\t\t\t\t<!-- icon -->\n\t\t\t\t\t\t\t\t\t\t\t\t\t\t\n\t\t\t\t\t\t\t\t\t<!-- custom icon -->\n\t\t\t\t\t\t\t\t\t\t\t\t\t\t\t\t\t\t<!-- image -->\n\t\t\t\t\t\t\t\t\t\t\t\t\t\n\t\t\t\t\t\t\t\t<\/div>\t\t\t\n\t\t\t\t\t\t\t<\/div>\n\t\t\t\t\t\t\t<div class=\"em-service-inner\">\n\t\t\t\t\t\t\t\t<div class=\"em-service-title\">\n\t\t\t\t\t\t\t\t\t<!-- title -->\n\t\t\t\t\t\t\t\t\t\t\t\t\t\t\t\t\t\t\t\t\t\t\t\t\t\t\t<h3>Graissage des rotules\n <\/h3>\n\t\t\t\t\t\t\t\t\t\t\t\t\t\t\t\t\t\t\t\t\t\t\t\t\t\t\t<!-- content -->\n\t\t\t\t\t\t\t\t<\/div>\t\t\t\t\t\t\n\t\t\t\t\t\t\t\t<div class=\"em-service-desc\">\n\t\t\t\t\t\t\t\t\t\t\t\t\t\t\t\t\t\t\t<p>Sur les voitures assez anciennes, les\u00a0rotules de suspension du train avant, et m\u00eame aussi les\u00a0rotules de direction, comportent encore \u00e9galement des graisseurs.  <\/p>\t\t\n\t\t\t\t\t\t\t\t\t\t\t\t\t\t\t\t\t<\/div>\n\t\t\t\t\t\t\t\t<!-- button -->\n\t\t\t\t\t\t\t\t\t\t\t\t\n\t\t\t\t\t\t\t<\/div>\n\t\t\t\t\t\t<\/div>\n\t\t\t\t\t<\/div>\n\t\t\t\t<\/div>\n\t\t\t<\/div>\t\t\t\n\n\t\t\t\t\n\t\t\t\t<\/div>\n\t\t\t\t<\/div>\n\t\t\t\t\t<\/div>\n\t\t<\/div>\n\t\t\t\t<div class=\"elementor-column elementor-col-33 elementor-top-column elementor-element elementor-element-6a87377\" data-id=\"6a87377\" data-element_type=\"column\" data-settings=\"{&quot;background_background&quot;:&quot;classic&quot;}\">\n\t\t\t<div class=\"elementor-widget-wrap elementor-element-populated\">\n\t\t\t\t\t\t\t\t<div class=\"elementor-element elementor-element-a5ddaaf elementor-widget elementor-widget-witr_section_service\" data-id=\"a5ddaaf\" data-element_type=\"widget\" data-widget_type=\"witr_section_service.default\">\n\t\t\t\t<div class=\"elementor-widget-container\">\n\t\t\t\t\n\t\t\n\t\t\t<div class=\"em-service2 sleft all_color_service\">\n\t\t\t\t<div class=\"em_service_content \">\n\t\t\t\t\t<div class=\"em_single_service_text  \">\n\t\t\t\t\t\t<div class=\"service_top_image\">\n\t\t\t\t\t\t\t<!-- image -->\n\t\t\t\t\t\t\t\t\t\t\n\t\t\t\t\t\t<\/div>\n\t\t\t\t\t\t<div class=\"text_box witr_s_flex\">\n\t\t\t\t\t\t\t<div class=\"service_top_text all_icon_color\">\n\t\t\t\t\t\t\t\t<div class=\"em-service-icon\">\n\t\t\t\t\t\t\t\t\t<!-- icon -->\n\t\t\t\t\t\t\t\t\t\t\t\t\t\t\n\t\t\t\t\t\t\t\t\t<!-- custom icon -->\n\t\t\t\t\t\t\t\t\t\t\t\t\t\t\t\t\t\t<!-- image -->\n\t\t\t\t\t\t\t\t\t\t\t\t\t\t\t\t\t\t\t<img decoding=\"async\" src=\"https:\/\/demo.themexbd.com\/rtl\/fueloil\/wp-content\/uploads\/2021\/10\/icon2.png\" alt=\"\" \/>\n\t\t\t\t\t\t\t\t\t\t\t\t\t\n\t\t\t\t\t\t\t\t<\/div>\t\t\t\n\t\t\t\t\t\t\t<\/div>\n\t\t\t\t\t\t\t<div class=\"em-service-inner\">\n\t\t\t\t\t\t\t\t<div class=\"em-service-title\">\n\t\t\t\t\t\t\t\t\t<!-- title -->\n\t\t\t\t\t\t\t\t\t\t\t\t\t\t\t\t\t\t\t\t\t\t\t\t\t\t\t<h3>Graissage des cardans\n <\/h3>\n\t\t\t\t\t\t\t\t\t\t\t\t\t\t\t\t\t\t\t\t\t\t\t\t\t\t\t<!-- content -->\n\t\t\t\t\t\t\t\t<\/div>\t\t\t\t\t\t\n\t\t\t\t\t\t\t\t<div class=\"em-service-desc\">\n\t\t\t\t\t\t\t\t\t\t\t\t\t\t\t\t\t\t\t<p>Il est n\u00e9cessaire de lever la voiture pour que les roues arri\u00e8re ne touchent plus le sol, puis de faire tourner \u00e0 la main les roues  <\/p>\t\t\n\t\t\t\t\t\t\t\t\t\t\t\t\t\t\t\t\t<\/div>\n\t\t\t\t\t\t\t\t<!-- button -->\n\t\t\t\t\t\t\t\t\t\t\t\t\n\t\t\t\t\t\t\t<\/div>\n\t\t\t\t\t\t<\/div>\n\t\t\t\t\t<\/div>\n\t\t\t\t<\/div>\n\t\t\t<\/div>\t\t\t\n\n\t\t\t\t\n\t\t\t\t<\/div>\n\t\t\t\t<\/div>\n\t\t\t\t\t<\/div>\n\t\t<\/div>\n\t\t\t\t<div class=\"elementor-column elementor-col-33 elementor-top-column elementor-element elementor-element-ae7584c\" data-id=\"ae7584c\" data-element_type=\"column\">\n\t\t\t<div class=\"elementor-widget-wrap elementor-element-populated\">\n\t\t\t\t\t\t\t\t<div class=\"elementor-element elementor-element-53c0acb elementor-widget elementor-widget-witr_section_service\" data-id=\"53c0acb\" data-element_type=\"widget\" data-widget_type=\"witr_section_service.default\">\n\t\t\t\t<div class=\"elementor-widget-container\">\n\t\t\t\t\n\t\t\n\t\t\t<div class=\"em-service2 sleft all_color_service\">\n\t\t\t\t<div class=\"em_service_content \">\n\t\t\t\t\t<div class=\"em_single_service_text  \">\n\t\t\t\t\t\t<div class=\"service_top_image\">\n\t\t\t\t\t\t\t<!-- image -->\n\t\t\t\t\t\t\t\t\t\t\n\t\t\t\t\t\t<\/div>\n\t\t\t\t\t\t<div class=\"text_box witr_s_flex\">\n\t\t\t\t\t\t\t<div class=\"service_top_text all_icon_color\">\n\t\t\t\t\t\t\t\t<div class=\"em-service-icon\">\n\t\t\t\t\t\t\t\t\t<!-- icon -->\n\t\t\t\t\t\t\t\t\t\t\t\t\t\t\n\t\t\t\t\t\t\t\t\t<!-- custom icon -->\n\t\t\t\t\t\t\t\t\t\t\t\t\t\t\t\t\t\t<!-- image -->\n\t\t\t\t\t\t\t\t\t\t\t\t\t\n\t\t\t\t\t\t\t\t<\/div>\t\t\t\n\t\t\t\t\t\t\t<\/div>\n\t\t\t\t\t\t\t<div class=\"em-service-inner\">\n\t\t\t\t\t\t\t\t<div class=\"em-service-title\">\n\t\t\t\t\t\t\t\t\t<!-- title -->\n\t\t\t\t\t\t\t\t\t\t\t\t\t\t\t\t\t\t\t\t\t\t\t\t\t\t\t<h3>Graissage des roulements de roue\n <\/h3>\n\t\t\t\t\t\t\t\t\t\t\t\t\t\t\t\t\t\t\t\t\t\t\t\t\t\t\t<!-- content -->\n\t\t\t\t\t\t\t\t<\/div>\t\t\t\t\t\t\n\t\t\t\t\t\t\t\t<div class=\"em-service-desc\">\n\t\t\t\t\t\t\t\t\t\t\t\t\t\t\t\t\t\t\t<p>Le\u00a0graissage le plus important reste celui des roulements de roue. S\u2019ils ne sont pas correctement lubrifi\u00e9s, la graisse vieillit puis s\u00e8che\u00a0 <\/p>\t\t\n\t\t\t\t\t\t\t\t\t\t\t\t\t\t\t\t\t<\/div>\n\t\t\t\t\t\t\t\t<!-- button -->\n\t\t\t\t\t\t\t\t\t\t\t\t\n\t\t\t\t\t\t\t<\/div>\n\t\t\t\t\t\t<\/div>\n\t\t\t\t\t<\/div>\n\t\t\t\t<\/div>\n\t\t\t<\/div>\t\t\t\n\n\t\t\t\t\n\t\t\t\t<\/div>\n\t\t\t\t<\/div>\n\t\t\t\t\t<\/div>\n\t\t<\/div>\n\t\t\t\t\t\t\t<\/div>\n\t\t<\/section>\n\t\t\t\t<section class=\"elementor-section elementor-top-section elementor-element elementor-element-6f7e562 elementor-section-boxed elementor-section-height-default elementor-section-height-default\" data-id=\"6f7e562\" data-element_type=\"section\">\n\t\t\t\t\t\t<div class=\"elementor-container elementor-column-gap-default\">\n\t\t\t\t\t<div class=\"elementor-column elementor-col-100 elementor-top-column elementor-element elementor-element-3da84fa\" data-id=\"3da84fa\" data-element_type=\"column\">\n\t\t\t<div class=\"elementor-widget-wrap elementor-element-populated\">\n\t\t\t\t\t\t\t\t<div class=\"elementor-element elementor-element-bc65520 elementor-widget elementor-widget-heading\" data-id=\"bc65520\" data-element_type=\"widget\" data-widget_type=\"heading.default\">\n\t\t\t\t<div class=\"elementor-widget-container\">\n\t\t\t<style>\/*! elementor - v3.9.0 - 06-12-2022 *\/\n.elementor-heading-title{padding:0;margin:0;line-height:1}.elementor-widget-heading .elementor-heading-title[class*=elementor-size-]>a{color:inherit;font-size:inherit;line-height:inherit}.elementor-widget-heading .elementor-heading-title.elementor-size-small{font-size:15px}.elementor-widget-heading .elementor-heading-title.elementor-size-medium{font-size:19px}.elementor-widget-heading .elementor-heading-title.elementor-size-large{font-size:29px}.elementor-widget-heading .elementor-heading-title.elementor-size-xl{font-size:39px}.elementor-widget-heading .elementor-heading-title.elementor-size-xxl{font-size:59px}<\/style><h2 class=\"elementor-heading-title elementor-size-default\">Graissage des rotules\n<\/h2>\t\t<\/div>\n\t\t\t\t<\/div>\n\t\t\t\t\t<\/div>\n\t\t<\/div>\n\t\t\t\t\t\t\t<\/div>\n\t\t<\/section>\n\t\t\t\t<section class=\"elementor-section elementor-top-section elementor-element elementor-element-9fa6cbb elementor-section-boxed elementor-section-height-default elementor-section-height-default\" data-id=\"9fa6cbb\" data-element_type=\"section\">\n\t\t\t\t\t\t<div class=\"elementor-container elementor-column-gap-default\">\n\t\t\t\t\t<div class=\"elementor-column elementor-col-100 elementor-top-column elementor-element elementor-element-617310d\" data-id=\"617310d\" data-element_type=\"column\">\n\t\t\t<div class=\"elementor-widget-wrap elementor-element-populated\">\n\t\t\t\t\t\t\t\t<div class=\"elementor-element elementor-element-0aa199b elementor-widget elementor-widget-text-editor\" data-id=\"0aa199b\" data-element_type=\"widget\" data-widget_type=\"text-editor.default\">\n\t\t\t\t<div class=\"elementor-widget-container\">\n\t\t\t<style>\/*! elementor - v3.9.0 - 06-12-2022 *\/\n.elementor-widget-text-editor.elementor-drop-cap-view-stacked .elementor-drop-cap{background-color:#818a91;color:#fff}.elementor-widget-text-editor.elementor-drop-cap-view-framed .elementor-drop-cap{color:#818a91;border:3px solid;background-color:transparent}.elementor-widget-text-editor:not(.elementor-drop-cap-view-default) .elementor-drop-cap{margin-top:8px}.elementor-widget-text-editor:not(.elementor-drop-cap-view-default) .elementor-drop-cap-letter{width:1em;height:1em}.elementor-widget-text-editor .elementor-drop-cap{float:left;text-align:center;line-height:1;font-size:50px}.elementor-widget-text-editor .elementor-drop-cap-letter{display:inline-block}<\/style>\t\t\t\t<p>Pour effectuer correctement les graissages, il faut disposer d\u2019une pompe \u00e0 graisse, constitu\u00e9e d\u2019un cylindre dans lequel la graisse est repouss\u00e9e par un piston man\u0153uvr\u00e9 gr\u00e2ce \u00e0 un levier. La pompe comporte, \u00e0 son extr\u00e9mit\u00e9, un raccord souple qui vient s\u2019engager et mordre sur la t\u00eate du graisseur. Il suffit alors de pomper \u00e0 l\u2019aide du levier pour remplir l\u2019articulation, jusqu\u2019\u00e0 ce que la graisse d\u00e9borde et s\u2019\u00e9chappe le long de la l\u00e8vre du soufflet.<\/p>\t\t\t\t\t\t<\/div>\n\t\t\t\t<\/div>\n\t\t\t\t\t<\/div>\n\t\t<\/div>\n\t\t\t\t\t\t\t<\/div>\n\t\t<\/section>\n\t\t\t\t<section class=\"elementor-section elementor-top-section elementor-element elementor-element-e538c42 elementor-section-boxed elementor-section-height-default elementor-section-height-default\" data-id=\"e538c42\" data-element_type=\"section\">\n\t\t\t\t\t\t<div class=\"elementor-container elementor-column-gap-default\">\n\t\t\t\t\t<div class=\"elementor-column elementor-col-50 elementor-top-column elementor-element elementor-element-5f66403\" data-id=\"5f66403\" data-element_type=\"column\">\n\t\t\t<div class=\"elementor-widget-wrap elementor-element-populated\">\n\t\t\t\t\t\t\t\t<div class=\"elementor-element elementor-element-66ba4cb elementor-widget elementor-widget-image\" data-id=\"66ba4cb\" data-element_type=\"widget\" data-widget_type=\"image.default\">\n\t\t\t\t<div class=\"elementor-widget-container\">\n\t\t\t<style>\/*! elementor - v3.9.0 - 06-12-2022 *\/\n.elementor-widget-image{text-align:center}.elementor-widget-image a{display:inline-block}.elementor-widget-image a img[src$=\".svg\"]{width:48px}.elementor-widget-image img{vertical-align:middle;display:inline-block}<\/style>\t\t\t\t\t\t\t\t\t\t\t\t<img loading=\"lazy\" decoding=\"async\" width=\"900\" height=\"550\" src=\"https:\/\/mkaexcellence.com\/wp-content\/uploads\/2022\/12\/mtservice5.jpg\" class=\"attachment-large size-large wp-image-15846\" alt=\"\" srcset=\"https:\/\/mkaexcellence.com\/wp-content\/uploads\/2022\/12\/mtservice5.jpg 900w, https:\/\/mkaexcellence.com\/wp-content\/uploads\/2022\/12\/mtservice5-300x183.jpg 300w, https:\/\/mkaexcellence.com\/wp-content\/uploads\/2022\/12\/mtservice5-768x469.jpg 768w, https:\/\/mkaexcellence.com\/wp-content\/uploads\/2022\/12\/mtservice5-600x367.jpg 600w\" sizes=\"auto, (max-width: 900px) 100vw, 900px\" \/>\t\t\t\t\t\t\t\t\t\t\t\t\t\t\t<\/div>\n\t\t\t\t<\/div>\n\t\t\t\t\t<\/div>\n\t\t<\/div>\n\t\t\t\t<div class=\"elementor-column elementor-col-50 elementor-top-column elementor-element elementor-element-0da5435\" data-id=\"0da5435\" data-element_type=\"column\">\n\t\t\t<div class=\"elementor-widget-wrap elementor-element-populated\">\n\t\t\t\t\t\t\t\t<div class=\"elementor-element elementor-element-86c4fcc elementor-widget elementor-widget-text-editor\" data-id=\"86c4fcc\" data-element_type=\"widget\" data-widget_type=\"text-editor.default\">\n\t\t\t\t<div class=\"elementor-widget-container\">\n\t\t\t\t\t\t\t<p><strong>Graissage des roulements de roue<\/strong><\/p><p>Lorsqu\u2019il n\u2019y a pas de graisseur, mais que le moyeu comporte un capuchon, il faut d\u00e9monter celui-ci en tapant doucement \u00e0 l\u2019aide d\u2019un burin et d\u2019un marteau, le long du rebord de ce capuchon, tout en faisant tourner le moyeu. S\u2019il n\u2019y a pas assez de prise pour engager le burin, on peut d\u00e9monter le capuchon en le serrant fortement dans une pince multiprise ou dans une pince \u00e9tau. Lorsque le capuchon est enlev\u00e9, si la graisse est relativement liquide et brun\u00e2tre, il suffit d\u2019en rajouter. Si elle est dess\u00e9ch\u00e9e, ou si elle est tr\u00e8s noire, il faut essuyer la vieille graisse avec un chiffon.<\/p>\t\t\t\t\t\t<\/div>\n\t\t\t\t<\/div>\n\t\t\t\t\t<\/div>\n\t\t<\/div>\n\t\t\t\t\t\t\t<\/div>\n\t\t<\/section>\n\t\t\t\t<section class=\"elementor-section elementor-top-section elementor-element elementor-element-40bcca9 elementor-section-boxed elementor-section-height-default elementor-section-height-default\" data-id=\"40bcca9\" data-element_type=\"section\">\n\t\t\t\t\t\t<div class=\"elementor-container elementor-column-gap-default\">\n\t\t\t\t\t<div class=\"elementor-column elementor-col-50 elementor-top-column elementor-element elementor-element-bae0100\" data-id=\"bae0100\" data-element_type=\"column\">\n\t\t\t<div class=\"elementor-widget-wrap elementor-element-populated\">\n\t\t\t\t\t\t\t\t<div class=\"elementor-element elementor-element-acd8c3f elementor-widget elementor-widget-text-editor\" data-id=\"acd8c3f\" data-element_type=\"widget\" data-widget_type=\"text-editor.default\">\n\t\t\t\t<div class=\"elementor-widget-container\">\n\t\t\t\t\t\t\t<p><strong>Graissage des cardans d\u2019arbres de transmission<\/strong><\/p><p>Ils doivent \u00eatre graiss\u00e9s de la m\u00eame mani\u00e8re. Il est n\u00e9cessaire de lever la voiture pour que les roues arri\u00e8re ne touchent plus le sol, puis de faire tourner \u00e0 la main les roues ou l\u2019arbre de transmission de fa\u00e7on \u00e0 faire appara\u00eetre le graisseur. Lorsqu\u2019il y a un\u00a0<strong>graissage au cardan<\/strong>, il faut absolument l\u2019effectuer r\u00e9guli\u00e8rement, car cette pi\u00e8ce travaille durement et souffrirait beaucoup d\u2019un manque d\u2019entretien.<\/p>\t\t\t\t\t\t<\/div>\n\t\t\t\t<\/div>\n\t\t\t\t\t<\/div>\n\t\t<\/div>\n\t\t\t\t<div class=\"elementor-column elementor-col-50 elementor-top-column elementor-element elementor-element-b26a5ab\" data-id=\"b26a5ab\" data-element_type=\"column\">\n\t\t\t<div class=\"elementor-widget-wrap elementor-element-populated\">\n\t\t\t\t\t\t\t\t<div class=\"elementor-element elementor-element-1730ffb elementor-widget elementor-widget-image\" data-id=\"1730ffb\" data-element_type=\"widget\" data-widget_type=\"image.default\">\n\t\t\t\t<div class=\"elementor-widget-container\">\n\t\t\t\t\t\t\t\t\t\t\t\t\t\t\t<img loading=\"lazy\" decoding=\"async\" width=\"900\" height=\"550\" src=\"https:\/\/mkaexcellence.com\/wp-content\/uploads\/2022\/12\/mtservice1-1.jpg\" class=\"attachment-large size-large wp-image-16204\" alt=\"\" srcset=\"https:\/\/mkaexcellence.com\/wp-content\/uploads\/2022\/12\/mtservice1-1.jpg 900w, https:\/\/mkaexcellence.com\/wp-content\/uploads\/2022\/12\/mtservice1-1-300x183.jpg 300w, https:\/\/mkaexcellence.com\/wp-content\/uploads\/2022\/12\/mtservice1-1-768x469.jpg 768w, https:\/\/mkaexcellence.com\/wp-content\/uploads\/2022\/12\/mtservice1-1-600x367.jpg 600w\" sizes=\"auto, (max-width: 900px) 100vw, 900px\" \/>\t\t\t\t\t\t\t\t\t\t\t\t\t\t\t<\/div>\n\t\t\t\t<\/div>\n\t\t\t\t\t<\/div>\n\t\t<\/div>\n\t\t\t\t\t\t\t<\/div>\n\t\t<\/section>\n\t\t\t\t<section class=\"elementor-section elementor-top-section elementor-element elementor-element-e5c906f elementor-section-boxed elementor-section-height-default elementor-section-height-default\" data-id=\"e5c906f\" data-element_type=\"section\">\n\t\t\t\t\t\t<div class=\"elementor-container elementor-column-gap-default\">\n\t\t\t\t\t<div class=\"elementor-column elementor-col-100 elementor-top-column elementor-element elementor-element-2588e32\" data-id=\"2588e32\" data-element_type=\"column\">\n\t\t\t<div class=\"elementor-widget-wrap elementor-element-populated\">\n\t\t\t\t\t\t\t\t<div class=\"elementor-element elementor-element-94927cc elementor-widget elementor-widget-text-editor\" data-id=\"94927cc\" data-element_type=\"widget\" data-widget_type=\"text-editor.default\">\n\t\t\t\t<div class=\"elementor-widget-container\">\n\t\t\t\t\t\t\t<p>Le graissage le plus important reste celui des roulements de route. S\u2019ils ne sont pas correctement lubrifi\u00e9s, la graisse vieillit puis s\u00e8che\u00a0: les roulements vont travailler \u00e0 sec, chauffer. La rupture ou le grippage des roulements peut entra\u00eener de graves accidents. Il est donc indispensable de les entretenir r\u00e9guli\u00e8rement. Sur certaines voitures, il n\u2019est pas possible de graisser les roulements de moyeu de roue, sans d\u00e9montage. En revanche, lorsque le moyeu de roue comporte un graisseur ou un capuchon contenant la graisse, il est facile d\u2019effectuer cette op\u00e9ration soi-m\u00eame. S\u2019il y a un graisseur, il suffit, apr\u00e8s d\u00e9montage de la roue, dans certains cas, d\u2019engager le bec de la pompe \u00e0 graisse sur le graisseur, puis de pomper doucement jusqu\u2019\u00e0 ce que la graisse apparaisse soit le long de la l\u00e8vre du joint Spi derri\u00e8re le disque du frein, au centre du moyeu, soit jusqu\u2019\u00e0 ce que la graisse s\u2019\u00e9chappe par le trou pratiqu\u00e9 au milieu du capuchon de protection central.<\/p><p>\u00a0<\/p>\t\t\t\t\t\t<\/div>\n\t\t\t\t<\/div>\n\t\t\t\t\t<\/div>\n\t\t<\/div>\n\t\t\t\t\t\t\t<\/div>\n\t\t<\/section>\n\t\t\t\t\t\t\t<\/div>\n\t\t","protected":false},"excerpt":{"rendered":"<p>Graissage des rotules Sur les voitures assez anciennes, les\u00a0rotules de suspension du train avant, et m\u00eame aussi les\u00a0rotules de direction, comportent encore \u00e9galement des graisseurs. Graissage des cardans Il est n\u00e9cessaire de lever la voiture pour que les roues arri\u00e8re ne touchent plus le sol, puis de faire tourner \u00e0 la main les roues Graissage [&hellip;]<\/p>\n","protected":false},"author":1,"featured_media":0,"parent":0,"menu_order":0,"comment_status":"closed","ping_status":"closed","template":"template-home.php","meta":{"footnotes":""},"class_list":["post-15068","page","type-page","status-publish","hentry"],"_links":{"self":[{"href":"https:\/\/mkaexcellence.com\/index.php?rest_route=\/wp\/v2\/pages\/15068","targetHints":{"allow":["GET"]}}],"collection":[{"href":"https:\/\/mkaexcellence.com\/index.php?rest_route=\/wp\/v2\/pages"}],"about":[{"href":"https:\/\/mkaexcellence.com\/index.php?rest_route=\/wp\/v2\/types\/page"}],"author":[{"embeddable":true,"href":"https:\/\/mkaexcellence.com\/index.php?rest_route=\/wp\/v2\/users\/1"}],"replies":[{"embeddable":true,"href":"https:\/\/mkaexcellence.com\/index.php?rest_route=%2Fwp%2Fv2%2Fcomments&post=15068"}],"version-history":[{"count":53,"href":"https:\/\/mkaexcellence.com\/index.php?rest_route=\/wp\/v2\/pages\/15068\/revisions"}],"predecessor-version":[{"id":16605,"href":"https:\/\/mkaexcellence.com\/index.php?rest_route=\/wp\/v2\/pages\/15068\/revisions\/16605"}],"wp:attachment":[{"href":"https:\/\/mkaexcellence.com\/index.php?rest_route=%2Fwp%2Fv2%2Fmedia&parent=15068"}],"curies":[{"name":"wp","href":"https:\/\/api.w.org\/{rel}","templated":true}]}}