{"id":15057,"date":"2021-10-11T09:41:36","date_gmt":"2021-10-11T09:41:36","guid":{"rendered":"http:\/\/localhost\/starntile\/?page_id=15057"},"modified":"2022-12-19T14:05:08","modified_gmt":"2022-12-19T14:05:08","slug":"heavy-equipment","status":"publish","type":"page","link":"https:\/\/mkaexcellence.com\/?page_id=15057","title":{"rendered":"Boutique"},"content":{"rendered":"\t\t<div data-elementor-type=\"wp-page\" data-elementor-id=\"15057\" class=\"elementor elementor-15057\">\n\t\t\t\t\t\t\t\t\t<section class=\"elementor-section elementor-top-section elementor-element elementor-element-6439d33 elementor-section-boxed elementor-section-height-default elementor-section-height-default\" data-id=\"6439d33\" data-element_type=\"section\">\n\t\t\t\t\t\t<div class=\"elementor-container elementor-column-gap-default\">\n\t\t\t\t\t<div class=\"elementor-column elementor-col-100 elementor-top-column elementor-element elementor-element-4bb2c75\" data-id=\"4bb2c75\" data-element_type=\"column\">\n\t\t\t<div class=\"elementor-widget-wrap elementor-element-populated\">\n\t\t\t\t\t\t\t\t<div class=\"elementor-element elementor-element-780d895 elementor-widget elementor-widget-heading\" data-id=\"780d895\" data-element_type=\"widget\" data-widget_type=\"heading.default\">\n\t\t\t\t<div class=\"elementor-widget-container\">\n\t\t\t<style>\/*! elementor - v3.9.0 - 06-12-2022 *\/\n.elementor-heading-title{padding:0;margin:0;line-height:1}.elementor-widget-heading .elementor-heading-title[class*=elementor-size-]>a{color:inherit;font-size:inherit;line-height:inherit}.elementor-widget-heading .elementor-heading-title.elementor-size-small{font-size:15px}.elementor-widget-heading .elementor-heading-title.elementor-size-medium{font-size:19px}.elementor-widget-heading .elementor-heading-title.elementor-size-large{font-size:29px}.elementor-widget-heading .elementor-heading-title.elementor-size-xl{font-size:39px}.elementor-widget-heading .elementor-heading-title.elementor-size-xxl{font-size:59px}<\/style><h2 class=\"elementor-heading-title elementor-size-default\">Les boutiques 2MG de MKA   \n<\/h2>\t\t<\/div>\n\t\t\t\t<\/div>\n\t\t\t\t\t<\/div>\n\t\t<\/div>\n\t\t\t\t\t\t\t<\/div>\n\t\t<\/section>\n\t\t\t\t<section class=\"elementor-section elementor-top-section elementor-element elementor-element-821013c elementor-section-boxed elementor-section-height-default elementor-section-height-default\" data-id=\"821013c\" data-element_type=\"section\">\n\t\t\t\t\t\t<div class=\"elementor-container elementor-column-gap-default\">\n\t\t\t\t\t<div class=\"elementor-column elementor-col-100 elementor-top-column elementor-element elementor-element-5ccb714\" data-id=\"5ccb714\" data-element_type=\"column\">\n\t\t\t<div class=\"elementor-widget-wrap elementor-element-populated\">\n\t\t\t\t\t\t\t\t<div class=\"elementor-element elementor-element-1521d8d elementor-widget elementor-widget-text-editor\" data-id=\"1521d8d\" data-element_type=\"widget\" data-widget_type=\"text-editor.default\">\n\t\t\t\t<div class=\"elementor-widget-container\">\n\t\t\t<style>\/*! elementor - v3.9.0 - 06-12-2022 *\/\n.elementor-widget-text-editor.elementor-drop-cap-view-stacked .elementor-drop-cap{background-color:#818a91;color:#fff}.elementor-widget-text-editor.elementor-drop-cap-view-framed .elementor-drop-cap{color:#818a91;border:3px solid;background-color:transparent}.elementor-widget-text-editor:not(.elementor-drop-cap-view-default) .elementor-drop-cap{margin-top:8px}.elementor-widget-text-editor:not(.elementor-drop-cap-view-default) .elementor-drop-cap-letter{width:1em;height:1em}.elementor-widget-text-editor .elementor-drop-cap{float:left;text-align:center;line-height:1;font-size:50px}.elementor-widget-text-editor .elementor-drop-cap-letter{display:inline-block}<\/style>\t\t\t\t<p>Les boutiques 2MG offre une large gamme de produit \u00e0 des prix exceptionnels, un rapport prix qualit\u00e9 nulle part ailleurs. Vous trouverez une panoplie d\u2019article dans les boutiques 2MG de MKA vous permettant de faire un libre choix et de maximiser votre satisfaction dans un univers de plus de 3000 articles.\u00a0<\/p>\t\t\t\t\t\t<\/div>\n\t\t\t\t<\/div>\n\t\t\t\t\t<\/div>\n\t\t<\/div>\n\t\t\t\t\t\t\t<\/div>\n\t\t<\/section>\n\t\t\t\t<section class=\"elementor-section elementor-top-section elementor-element elementor-element-d126c8e elementor-section-full_width elementor-section-stretched elementor-section-height-default elementor-section-height-default\" data-id=\"d126c8e\" data-element_type=\"section\" data-settings=\"{&quot;stretch_section&quot;:&quot;section-stretched&quot;}\">\n\t\t\t\t\t\t<div class=\"elementor-container elementor-column-gap-default\">\n\t\t\t\t\t<div class=\"elementor-column elementor-col-100 elementor-top-column elementor-element elementor-element-44b2326\" data-id=\"44b2326\" data-element_type=\"column\">\n\t\t\t<div class=\"elementor-widget-wrap elementor-element-populated\">\n\t\t\t\t\t\t\t\t<div class=\"elementor-element elementor-element-991696d elementor-widget__width-inherit elementor-widget elementor-widget-image\" data-id=\"991696d\" data-element_type=\"widget\" data-widget_type=\"image.default\">\n\t\t\t\t<div class=\"elementor-widget-container\">\n\t\t\t<style>\/*! elementor - v3.9.0 - 06-12-2022 *\/\n.elementor-widget-image{text-align:center}.elementor-widget-image a{display:inline-block}.elementor-widget-image a img[src$=\".svg\"]{width:48px}.elementor-widget-image img{vertical-align:middle;display:inline-block}<\/style>\t\t\t\t\t\t\t\t\t\t\t\t<img loading=\"lazy\" decoding=\"async\" width=\"900\" height=\"550\" src=\"https:\/\/mkaexcellence.com\/wp-content\/uploads\/2022\/12\/By-Chris-Soldja-MKA-14.jpg\" class=\"attachment-full size-full wp-image-16198\" alt=\"\" srcset=\"https:\/\/mkaexcellence.com\/wp-content\/uploads\/2022\/12\/By-Chris-Soldja-MKA-14.jpg 900w, https:\/\/mkaexcellence.com\/wp-content\/uploads\/2022\/12\/By-Chris-Soldja-MKA-14-300x183.jpg 300w, https:\/\/mkaexcellence.com\/wp-content\/uploads\/2022\/12\/By-Chris-Soldja-MKA-14-768x469.jpg 768w, https:\/\/mkaexcellence.com\/wp-content\/uploads\/2022\/12\/By-Chris-Soldja-MKA-14-600x367.jpg 600w\" sizes=\"auto, (max-width: 900px) 100vw, 900px\" \/>\t\t\t\t\t\t\t\t\t\t\t\t\t\t\t<\/div>\n\t\t\t\t<\/div>\n\t\t\t\t\t<\/div>\n\t\t<\/div>\n\t\t\t\t\t\t\t<\/div>\n\t\t<\/section>\n\t\t\t\t<section class=\"elementor-section elementor-top-section elementor-element elementor-element-25bf5ae elementor-section-boxed elementor-section-height-default elementor-section-height-default\" data-id=\"25bf5ae\" data-element_type=\"section\">\n\t\t\t\t\t\t<div class=\"elementor-container elementor-column-gap-default\">\n\t\t\t\t\t<div class=\"elementor-column elementor-col-50 elementor-top-column elementor-element elementor-element-50aec14\" data-id=\"50aec14\" data-element_type=\"column\">\n\t\t\t<div class=\"elementor-widget-wrap elementor-element-populated\">\n\t\t\t\t\t\t\t\t<div class=\"elementor-element elementor-element-efb5773 elementor-widget elementor-widget-image\" data-id=\"efb5773\" data-element_type=\"widget\" data-widget_type=\"image.default\">\n\t\t\t\t<div class=\"elementor-widget-container\">\n\t\t\t\t\t\t\t\t\t\t\t\t\t\t\t<img loading=\"lazy\" decoding=\"async\" width=\"900\" height=\"550\" src=\"https:\/\/mkaexcellence.com\/wp-content\/uploads\/2022\/12\/boutique1.jpg\" class=\"attachment-large size-large wp-image-15844\" alt=\"\" srcset=\"https:\/\/mkaexcellence.com\/wp-content\/uploads\/2022\/12\/boutique1.jpg 900w, https:\/\/mkaexcellence.com\/wp-content\/uploads\/2022\/12\/boutique1-300x183.jpg 300w, https:\/\/mkaexcellence.com\/wp-content\/uploads\/2022\/12\/boutique1-768x469.jpg 768w, https:\/\/mkaexcellence.com\/wp-content\/uploads\/2022\/12\/boutique1-600x367.jpg 600w\" sizes=\"auto, (max-width: 900px) 100vw, 900px\" \/>\t\t\t\t\t\t\t\t\t\t\t\t\t\t\t<\/div>\n\t\t\t\t<\/div>\n\t\t\t\t\t<\/div>\n\t\t<\/div>\n\t\t\t\t<div class=\"elementor-column elementor-col-50 elementor-top-column elementor-element elementor-element-03fac30\" data-id=\"03fac30\" data-element_type=\"column\">\n\t\t\t<div class=\"elementor-widget-wrap elementor-element-populated\">\n\t\t\t\t\t\t\t\t<div class=\"elementor-element elementor-element-9aa54af elementor-widget elementor-widget-text-editor\" data-id=\"9aa54af\" data-element_type=\"widget\" data-widget_type=\"text-editor.default\">\n\t\t\t\t<div class=\"elementor-widget-container\">\n\t\t\t\t\t\t\t<p>2MG vous propose des produits venant des fournisseurs locaux, am\u00e9ricains, marocains, italiens et allemands. Vous trouverez toutes les familles de produit \u00e0 savoir les produits frais, la laiterie, les glaces, les charcuteries, la viennoiserie, les jus Smecta et locaux, les biscuits sal\u00e9s et sucr\u00e9s, les conserves, les produits de beaut\u00e9, le DPH (droguerie, parfumerie, hygi\u00e8ne), les fruits, le Bazard et des produit divers<\/p>\t\t\t\t\t\t<\/div>\n\t\t\t\t<\/div>\n\t\t\t\t\t<\/div>\n\t\t<\/div>\n\t\t\t\t\t\t\t<\/div>\n\t\t<\/section>\n\t\t\t\t\t\t\t<\/div>\n\t\t","protected":false},"excerpt":{"rendered":"<p>Les boutiques 2MG de MKA Les boutiques 2MG offre une large gamme de produit \u00e0 des prix exceptionnels, un rapport prix qualit\u00e9 nulle part ailleurs. Vous trouverez une panoplie d\u2019article dans les boutiques 2MG de MKA vous permettant de faire un libre choix et de maximiser votre satisfaction dans un univers de plus de 3000 [&hellip;]<\/p>\n","protected":false},"author":1,"featured_media":0,"parent":0,"menu_order":0,"comment_status":"closed","ping_status":"closed","template":"template-home.php","meta":{"footnotes":""},"class_list":["post-15057","page","type-page","status-publish","hentry"],"_links":{"self":[{"href":"https:\/\/mkaexcellence.com\/index.php?rest_route=\/wp\/v2\/pages\/15057","targetHints":{"allow":["GET"]}}],"collection":[{"href":"https:\/\/mkaexcellence.com\/index.php?rest_route=\/wp\/v2\/pages"}],"about":[{"href":"https:\/\/mkaexcellence.com\/index.php?rest_route=\/wp\/v2\/types\/page"}],"author":[{"embeddable":true,"href":"https:\/\/mkaexcellence.com\/index.php?rest_route=\/wp\/v2\/users\/1"}],"replies":[{"embeddable":true,"href":"https:\/\/mkaexcellence.com\/index.php?rest_route=%2Fwp%2Fv2%2Fcomments&post=15057"}],"version-history":[{"count":29,"href":"https:\/\/mkaexcellence.com\/index.php?rest_route=\/wp\/v2\/pages\/15057\/revisions"}],"predecessor-version":[{"id":16608,"href":"https:\/\/mkaexcellence.com\/index.php?rest_route=\/wp\/v2\/pages\/15057\/revisions\/16608"}],"wp:attachment":[{"href":"https:\/\/mkaexcellence.com\/index.php?rest_route=%2Fwp%2Fv2%2Fmedia&parent=15057"}],"curies":[{"name":"wp","href":"https:\/\/api.w.org\/{rel}","templated":true}]}}