{"id":15052,"date":"2021-10-11T09:35:44","date_gmt":"2021-10-11T09:35:44","guid":{"rendered":"http:\/\/localhost\/starntile\/?page_id=15052"},"modified":"2022-12-19T14:02:47","modified_gmt":"2022-12-19T14:02:47","slug":"mining-exploration","status":"publish","type":"page","link":"https:\/\/mkaexcellence.com\/?page_id=15052","title":{"rendered":"Vidange"},"content":{"rendered":"\t\t<div data-elementor-type=\"wp-page\" data-elementor-id=\"15052\" class=\"elementor elementor-15052\">\n\t\t\t\t\t\t\t\t\t<section class=\"elementor-section elementor-top-section elementor-element elementor-element-f773e15 elementor-section-full_width elementor-section-height-default elementor-section-height-default\" data-id=\"f773e15\" data-element_type=\"section\">\n\t\t\t\t\t\t<div class=\"elementor-container elementor-column-gap-wide\">\n\t\t\t\t\t<div class=\"elementor-column elementor-col-100 elementor-top-column elementor-element elementor-element-a58eb21\" data-id=\"a58eb21\" data-element_type=\"column\">\n\t\t\t<div class=\"elementor-widget-wrap elementor-element-populated\">\n\t\t\t\t\t\t\t\t<section class=\"elementor-section elementor-inner-section elementor-element elementor-element-c645427 elementor-section-boxed elementor-section-height-default elementor-section-height-default\" data-id=\"c645427\" data-element_type=\"section\">\n\t\t\t\t\t\t<div class=\"elementor-container elementor-column-gap-default\">\n\t\t\t\t\t<div class=\"elementor-column elementor-col-50 elementor-inner-column elementor-element elementor-element-47ac283\" data-id=\"47ac283\" data-element_type=\"column\">\n\t\t\t<div class=\"elementor-widget-wrap elementor-element-populated\">\n\t\t\t\t\t\t\t\t<div class=\"elementor-element elementor-element-c6c202f elementor-widget elementor-widget-text-editor\" data-id=\"c6c202f\" data-element_type=\"widget\" data-widget_type=\"text-editor.default\">\n\t\t\t\t<div class=\"elementor-widget-container\">\n\t\t\t<style>\/*! elementor - v3.9.0 - 06-12-2022 *\/\n.elementor-widget-text-editor.elementor-drop-cap-view-stacked .elementor-drop-cap{background-color:#818a91;color:#fff}.elementor-widget-text-editor.elementor-drop-cap-view-framed .elementor-drop-cap{color:#818a91;border:3px solid;background-color:transparent}.elementor-widget-text-editor:not(.elementor-drop-cap-view-default) .elementor-drop-cap{margin-top:8px}.elementor-widget-text-editor:not(.elementor-drop-cap-view-default) .elementor-drop-cap-letter{width:1em;height:1em}.elementor-widget-text-editor .elementor-drop-cap{float:left;text-align:center;line-height:1;font-size:50px}.elementor-widget-text-editor .elementor-drop-cap-letter{display:inline-block}<\/style>\t\t\t\t<p>Pour qu\u2019une voiture continue de fonctionner correctement, dans de bonnes conditions et sans exc\u00e8s de consommation de carburant, il est essentiel d\u2019effectuer r\u00e9guli\u00e8rement une vidange. En effet, la vidange est essentielle pour maintenir les performances du moteur, \u00e9viter sa surchauffe, sa surconsommation et sa corrosion. Par ailleurs, la vidange permet d\u2019allonger la dur\u00e9e de vie du moteur. La vidange permet aussi de nettoyer et de contr\u00f4ler le fonctionnement de certaines pi\u00e8ces importantes telles que les pistons, les arbres \u00e0 cames, les soupapes et le vilebrequin. Ces pi\u00e8ces ont g\u00e9n\u00e9ralement besoin d\u2019huile pour fonctionner et assurer leur mouvement. Sans une bonne huile, les frottements de ces \u00e9l\u00e9ments entre eux peuvent engendrer une usure comme la casse des culbuteurs,\u00a0<\/p>\t\t\t\t\t\t<\/div>\n\t\t\t\t<\/div>\n\t\t\t\t\t<\/div>\n\t\t<\/div>\n\t\t\t\t<div class=\"elementor-column elementor-col-50 elementor-inner-column elementor-element elementor-element-303d39a\" data-id=\"303d39a\" data-element_type=\"column\">\n\t\t\t<div class=\"elementor-widget-wrap elementor-element-populated\">\n\t\t\t\t\t\t\t\t<div class=\"elementor-element elementor-element-738f403 elementor-widget elementor-widget-text-editor\" data-id=\"738f403\" data-element_type=\"widget\" data-widget_type=\"text-editor.default\">\n\t\t\t\t<div class=\"elementor-widget-container\">\n\t\t\t\t\t\t\t<p>les cylindres ray\u00e9s ou les coussinets de vilebrequins fondus. Donc, un moteur ne peut pas fonctionner sans huile. \u00c0 noter que seuls les v\u00e9hicules non \u00e9lectriques devront faire l\u2019objet d\u2019une vidange.<\/p><p>La vidange est effectu\u00e9e de mani\u00e8re p\u00e9riodique. Le besoin de vidange d\u00e9pend de chaque type de moteur, mais il est toujours recommand\u00e9 de vidanger fr\u00e9quemment que pas assez. En g\u00e9n\u00e9ral tous les 3000 km parcourus l\u2019huile moteur de votre v\u00e9hicule doit \u00eatre chang\u00e9. Aussi les cartouches et les filtre font l\u2019objet de changement tous les 9000 kms\u00a0; soit apr\u00e8s chaque troisi\u00e8me vidange. Cela permet de maintenir votre v\u00e9hicule en bon \u00e9tat et assurer par la m\u00eame occasion votre s\u00e9curit\u00e9 car sans cela une d\u00e9faillance technique peut survenir \u00e0 tout moment<\/p>\t\t\t\t\t\t<\/div>\n\t\t\t\t<\/div>\n\t\t\t\t\t<\/div>\n\t\t<\/div>\n\t\t\t\t\t\t\t<\/div>\n\t\t<\/section>\n\t\t\t\t\t<\/div>\n\t\t<\/div>\n\t\t\t\t\t\t\t<\/div>\n\t\t<\/section>\n\t\t\t\t<section class=\"elementor-section elementor-top-section elementor-element elementor-element-4a3c0f6 elementor-section-full_width elementor-section-stretched elementor-section-height-default elementor-section-height-default\" data-id=\"4a3c0f6\" data-element_type=\"section\" data-settings=\"{&quot;stretch_section&quot;:&quot;section-stretched&quot;}\">\n\t\t\t\t\t\t<div class=\"elementor-container elementor-column-gap-default\">\n\t\t\t\t\t<div class=\"elementor-column elementor-col-100 elementor-top-column elementor-element elementor-element-3ec6be0\" data-id=\"3ec6be0\" data-element_type=\"column\">\n\t\t\t<div class=\"elementor-widget-wrap elementor-element-populated\">\n\t\t\t\t\t\t\t\t<div class=\"elementor-element elementor-element-26965a6 elementor-widget__width-inherit elementor-widget elementor-widget-image\" data-id=\"26965a6\" data-element_type=\"widget\" data-widget_type=\"image.default\">\n\t\t\t\t<div class=\"elementor-widget-container\">\n\t\t\t<style>\/*! elementor - v3.9.0 - 06-12-2022 *\/\n.elementor-widget-image{text-align:center}.elementor-widget-image a{display:inline-block}.elementor-widget-image a img[src$=\".svg\"]{width:48px}.elementor-widget-image img{vertical-align:middle;display:inline-block}<\/style>\t\t\t\t\t\t\t\t\t\t\t\t<img loading=\"lazy\" decoding=\"async\" width=\"900\" height=\"550\" src=\"https:\/\/mkaexcellence.com\/wp-content\/uploads\/2022\/12\/mtservice1-1.jpg\" class=\"attachment-full size-full wp-image-16204\" alt=\"\" srcset=\"https:\/\/mkaexcellence.com\/wp-content\/uploads\/2022\/12\/mtservice1-1.jpg 900w, https:\/\/mkaexcellence.com\/wp-content\/uploads\/2022\/12\/mtservice1-1-300x183.jpg 300w, https:\/\/mkaexcellence.com\/wp-content\/uploads\/2022\/12\/mtservice1-1-768x469.jpg 768w, https:\/\/mkaexcellence.com\/wp-content\/uploads\/2022\/12\/mtservice1-1-600x367.jpg 600w\" sizes=\"auto, (max-width: 900px) 100vw, 900px\" \/>\t\t\t\t\t\t\t\t\t\t\t\t\t\t\t<\/div>\n\t\t\t\t<\/div>\n\t\t\t\t\t<\/div>\n\t\t<\/div>\n\t\t\t\t\t\t\t<\/div>\n\t\t<\/section>\n\t\t\t\t\t\t\t<\/div>\n\t\t","protected":false},"excerpt":{"rendered":"<p>Pour qu\u2019une voiture continue de fonctionner correctement, dans de bonnes conditions et sans exc\u00e8s de consommation de carburant, il est essentiel d\u2019effectuer r\u00e9guli\u00e8rement une vidange. En effet, la vidange est essentielle pour maintenir les performances du moteur, \u00e9viter sa surchauffe, sa surconsommation et sa corrosion. Par ailleurs, la vidange permet d\u2019allonger la dur\u00e9e de vie [&hellip;]<\/p>\n","protected":false},"author":1,"featured_media":0,"parent":0,"menu_order":0,"comment_status":"closed","ping_status":"closed","template":"template-home.php","meta":{"footnotes":""},"class_list":["post-15052","page","type-page","status-publish","hentry"],"_links":{"self":[{"href":"https:\/\/mkaexcellence.com\/index.php?rest_route=\/wp\/v2\/pages\/15052","targetHints":{"allow":["GET"]}}],"collection":[{"href":"https:\/\/mkaexcellence.com\/index.php?rest_route=\/wp\/v2\/pages"}],"about":[{"href":"https:\/\/mkaexcellence.com\/index.php?rest_route=\/wp\/v2\/types\/page"}],"author":[{"embeddable":true,"href":"https:\/\/mkaexcellence.com\/index.php?rest_route=\/wp\/v2\/users\/1"}],"replies":[{"embeddable":true,"href":"https:\/\/mkaexcellence.com\/index.php?rest_route=%2Fwp%2Fv2%2Fcomments&post=15052"}],"version-history":[{"count":29,"href":"https:\/\/mkaexcellence.com\/index.php?rest_route=\/wp\/v2\/pages\/15052\/revisions"}],"predecessor-version":[{"id":16602,"href":"https:\/\/mkaexcellence.com\/index.php?rest_route=\/wp\/v2\/pages\/15052\/revisions\/16602"}],"wp:attachment":[{"href":"https:\/\/mkaexcellence.com\/index.php?rest_route=%2Fwp%2Fv2%2Fmedia&parent=15052"}],"curies":[{"name":"wp","href":"https:\/\/api.w.org\/{rel}","templated":true}]}}