{"id":15044,"date":"2021-10-11T09:28:24","date_gmt":"2021-10-11T09:28:24","guid":{"rendered":"http:\/\/localhost\/starntile\/?page_id=15044"},"modified":"2025-04-11T10:30:47","modified_gmt":"2025-04-11T10:30:47","slug":"underground-mining","status":"publish","type":"page","link":"https:\/\/mkaexcellence.com\/?page_id=15044","title":{"rendered":"Entretien-Lavage"},"content":{"rendered":"\t\t<div data-elementor-type=\"wp-page\" data-elementor-id=\"15044\" class=\"elementor elementor-15044\">\n\t\t\t\t\t\t\t\t\t<section class=\"elementor-section elementor-top-section elementor-element elementor-element-cd65a48 elementor-section-boxed elementor-section-height-default elementor-section-height-default\" data-id=\"cd65a48\" data-element_type=\"section\">\n\t\t\t\t\t\t<div class=\"elementor-container elementor-column-gap-default\">\n\t\t\t\t\t<div class=\"elementor-column elementor-col-100 elementor-top-column elementor-element elementor-element-2268386\" data-id=\"2268386\" data-element_type=\"column\">\n\t\t\t<div class=\"elementor-widget-wrap elementor-element-populated\">\n\t\t\t\t\t\t\t\t<div class=\"elementor-element elementor-element-20b310c elementor-widget elementor-widget-text-editor\" data-id=\"20b310c\" data-element_type=\"widget\" data-widget_type=\"text-editor.default\">\n\t\t\t\t<div class=\"elementor-widget-container\">\n\t\t\t<style>\/*! elementor - v3.9.0 - 06-12-2022 *\/\n.elementor-widget-text-editor.elementor-drop-cap-view-stacked .elementor-drop-cap{background-color:#818a91;color:#fff}.elementor-widget-text-editor.elementor-drop-cap-view-framed .elementor-drop-cap{color:#818a91;border:3px solid;background-color:transparent}.elementor-widget-text-editor:not(.elementor-drop-cap-view-default) .elementor-drop-cap{margin-top:8px}.elementor-widget-text-editor:not(.elementor-drop-cap-view-default) .elementor-drop-cap-letter{width:1em;height:1em}.elementor-widget-text-editor .elementor-drop-cap{float:left;text-align:center;line-height:1;font-size:50px}.elementor-widget-text-editor .elementor-drop-cap-letter{display:inline-block}<\/style>\t\t\t\t<p>Le nettoyage int\u00e9rieur est assur\u00e9 par un personnel form\u00e9. L\u00e0 aussi, pas de place \u00e0 l\u2019improvisation, le v\u00e9hicule passe sur un espace de finition couvert, permettant d\u2019accomplir \u00e0 l\u2019abri du vent et du soleil les phases de nettoyage des surfaces int\u00e9rieures et ext\u00e9rieures des vitres, des plastiques, tableau de bord\u2026 et d\u2019aspiration de l\u2019habitacle, tapis, moquettes et du coffre. Ces phases sont r\u00e9alis\u00e9es enti\u00e8rement \u00e0 la main par une \u00e9quipe de 2 \u00e0 3 personnes par v\u00e9hicule en m\u00eame temps. Les tapis du v\u00e9hicule sont sortis et pass\u00e9s dans une machine sp\u00e9ciale tapis qui les brosse en profondeur. Gr\u00e2ce \u00e0 la soufflette, les poussi\u00e8res et autres salet\u00e9s sont expuls\u00e9es des endroits difficilement accessibles par l\u2019aspirateur (console centrale, tableau de bord). L\u2019aspiration est r\u00e9alis\u00e9e par deux intervenants qui aspirent chacun le v\u00e9hicule par moiti\u00e9. Les places avant sont aspir\u00e9es puis les places arri\u00e8re, la plage arri\u00e8re, puis le coffre. Les plastiques int\u00e9rieurs sont nettoy\u00e9s. Nos \u00e9ponges sont r\u00e9guli\u00e8rement chang\u00e9es afin de ne pas t\u00e2cher les montants de pare-brise en traitant le tableau de bord. Pour les v\u00e9hicules tr\u00e8s sales, nous utilisons d\u2019abord une serviette impr\u00e9gn\u00e9e de nettoyant universel. Enfin, les vitres sont nettoy\u00e9es, d\u2019abord int\u00e9rieurement, puis ext\u00e9rieurement. Selon la formule choisie, un parfum d\u2019habitacle est pulv\u00e9ris\u00e9, un brillant pneus est appliqu\u00e9 sur les pneumatiques du v\u00e9hicules \u00e0 l\u2019aide d\u2019une \u00e9ponge mousse.<\/p>\t\t\t\t\t\t<\/div>\n\t\t\t\t<\/div>\n\t\t\t\t\t<\/div>\n\t\t<\/div>\n\t\t\t\t\t\t\t<\/div>\n\t\t<\/section>\n\t\t\t\t<section class=\"elementor-section elementor-top-section elementor-element elementor-element-0aa8562 elementor-section-boxed elementor-section-height-default elementor-section-height-default\" data-id=\"0aa8562\" data-element_type=\"section\">\n\t\t\t\t\t\t<div class=\"elementor-container elementor-column-gap-default\">\n\t\t\t\t\t<div class=\"elementor-column elementor-col-100 elementor-top-column elementor-element elementor-element-33b26fc\" data-id=\"33b26fc\" data-element_type=\"column\">\n\t\t\t<div class=\"elementor-widget-wrap elementor-element-populated\">\n\t\t\t\t\t\t\t\t<div class=\"elementor-element elementor-element-9e2cf15 elementor-widget elementor-widget-image\" data-id=\"9e2cf15\" data-element_type=\"widget\" data-widget_type=\"image.default\">\n\t\t\t\t<div class=\"elementor-widget-container\">\n\t\t\t<style>\/*! elementor - v3.9.0 - 06-12-2022 *\/\n.elementor-widget-image{text-align:center}.elementor-widget-image a{display:inline-block}.elementor-widget-image a img[src$=\".svg\"]{width:48px}.elementor-widget-image img{vertical-align:middle;display:inline-block}<\/style>\t\t\t\t\t\t\t\t\t\t\t\t<img loading=\"lazy\" decoding=\"async\" width=\"1000\" height=\"667\" src=\"https:\/\/mkaexcellence.com\/wp-content\/uploads\/2025\/04\/lavage-auto.jpg\" class=\"attachment-large size-large wp-image-16884\" alt=\"\" srcset=\"https:\/\/mkaexcellence.com\/wp-content\/uploads\/2025\/04\/lavage-auto.jpg 1000w, https:\/\/mkaexcellence.com\/wp-content\/uploads\/2025\/04\/lavage-auto-300x200.jpg 300w, https:\/\/mkaexcellence.com\/wp-content\/uploads\/2025\/04\/lavage-auto-768x512.jpg 768w, https:\/\/mkaexcellence.com\/wp-content\/uploads\/2025\/04\/lavage-auto-600x400.jpg 600w\" sizes=\"auto, (max-width: 1000px) 100vw, 1000px\" \/>\t\t\t\t\t\t\t\t\t\t\t\t\t\t\t<\/div>\n\t\t\t\t<\/div>\n\t\t\t\t\t<\/div>\n\t\t<\/div>\n\t\t\t\t\t\t\t<\/div>\n\t\t<\/section>\n\t\t\t\t<section class=\"elementor-section elementor-top-section elementor-element elementor-element-df2a2e0 elementor-section-boxed elementor-section-height-default elementor-section-height-default\" data-id=\"df2a2e0\" data-element_type=\"section\">\n\t\t\t\t\t\t<div class=\"elementor-container elementor-column-gap-default\">\n\t\t\t\t\t<div class=\"elementor-column elementor-col-100 elementor-top-column elementor-element elementor-element-86ebe81\" data-id=\"86ebe81\" data-element_type=\"column\">\n\t\t\t<div class=\"elementor-widget-wrap elementor-element-populated\">\n\t\t\t\t\t\t\t\t<div class=\"elementor-element elementor-element-1b9b0c9 elementor-widget elementor-widget-heading\" data-id=\"1b9b0c9\" data-element_type=\"widget\" data-widget_type=\"heading.default\">\n\t\t\t\t<div class=\"elementor-widget-container\">\n\t\t\t<style>\/*! elementor - v3.9.0 - 06-12-2022 *\/\n.elementor-heading-title{padding:0;margin:0;line-height:1}.elementor-widget-heading .elementor-heading-title[class*=elementor-size-]>a{color:inherit;font-size:inherit;line-height:inherit}.elementor-widget-heading .elementor-heading-title.elementor-size-small{font-size:15px}.elementor-widget-heading .elementor-heading-title.elementor-size-medium{font-size:19px}.elementor-widget-heading .elementor-heading-title.elementor-size-large{font-size:29px}.elementor-widget-heading .elementor-heading-title.elementor-size-xl{font-size:39px}.elementor-widget-heading .elementor-heading-title.elementor-size-xxl{font-size:59px}<\/style><h2 class=\"elementor-heading-title elementor-size-default\">Lavage externe<\/h2>\t\t<\/div>\n\t\t\t\t<\/div>\n\t\t\t\t\t<\/div>\n\t\t<\/div>\n\t\t\t\t\t\t\t<\/div>\n\t\t<\/section>\n\t\t\t\t<section class=\"elementor-section elementor-top-section elementor-element elementor-element-dc00fb3 elementor-section-boxed elementor-section-height-default elementor-section-height-default\" data-id=\"dc00fb3\" data-element_type=\"section\">\n\t\t\t\t\t\t<div class=\"elementor-container elementor-column-gap-default\">\n\t\t\t\t\t<div class=\"elementor-column elementor-col-100 elementor-top-column elementor-element elementor-element-c379d48\" data-id=\"c379d48\" data-element_type=\"column\">\n\t\t\t<div class=\"elementor-widget-wrap elementor-element-populated\">\n\t\t\t\t\t\t\t\t<div class=\"elementor-element elementor-element-b1606c3 elementor-widget elementor-widget-text-editor\" data-id=\"b1606c3\" data-element_type=\"widget\" data-widget_type=\"text-editor.default\">\n\t\t\t\t<div class=\"elementor-widget-container\">\n\t\t\t\t\t\t\t<p>Avec une mat\u00e9rielle derni\u00e8re g\u00e9n\u00e9ration et un personnel qualifi\u00e9 et dynamiques, nous assurons un nettoyage syst\u00e9matique de votre v\u00e9hicule. Votre v\u00e9hicule redevient neuf a sa sortie de nos service de nettoyage. Pour le lavage, MKA est dot\u00e9 d\u2019\u00e9quipements techniques de lavage \u00e0 haute pression r\u00e9glable suivant le type de lavage : Lavage \u00e0 basse et moyenne pression pour le moteur et la carrosserie ; sans oublier les d\u00e9tergents de haute qualit\u00e9 r\u00e9serv\u00e9s \u00e0 cet effet Lavage \u00e0 Haute pression pour le ch\u00e2ssis. Votre voiture est essuy\u00e9e manuellement en sortie de station, cela permet de rectifier certaines retouches de lavage mal effectu\u00e9 par le pistolet (Plaques d\u2019immatriculations arri\u00e8res en retraits, parties basses du pare brise rendues inaccessibles par les essuie glaces. etc.\u2026).\u00a0 L\u2019essuyage est r\u00e9alis\u00e9 \u00e0 la main \u00e0 l\u2019aide de deux peaux de chamois (une dans chaque main), rinc\u00e9es et essor\u00e9es apr\u00e8s chaque v\u00e9hicule. Les montants de portes sont essuy\u00e9s \u00e0 l\u2019aide de serviettes en coton.<\/p>\t\t\t\t\t\t<\/div>\n\t\t\t\t<\/div>\n\t\t\t\t\t<\/div>\n\t\t<\/div>\n\t\t\t\t\t\t\t<\/div>\n\t\t<\/section>\n\t\t\t\t<section class=\"elementor-section elementor-top-section elementor-element elementor-element-0a24132 elementor-section-boxed elementor-section-height-default elementor-section-height-default\" data-id=\"0a24132\" data-element_type=\"section\">\n\t\t\t\t\t\t<div class=\"elementor-container elementor-column-gap-default\">\n\t\t\t\t\t<div class=\"elementor-column elementor-col-100 elementor-top-column elementor-element elementor-element-4eb3e7e\" data-id=\"4eb3e7e\" data-element_type=\"column\">\n\t\t\t<div class=\"elementor-widget-wrap elementor-element-populated\">\n\t\t\t\t\t\t\t\t<div class=\"elementor-element elementor-element-f923f93 elementor-widget elementor-widget-heading\" data-id=\"f923f93\" data-element_type=\"widget\" data-widget_type=\"heading.default\">\n\t\t\t\t<div class=\"elementor-widget-container\">\n\t\t\t<h2 class=\"elementor-heading-title elementor-size-default\">Entretien<\/h2>\t\t<\/div>\n\t\t\t\t<\/div>\n\t\t\t\t\t<\/div>\n\t\t<\/div>\n\t\t\t\t\t\t\t<\/div>\n\t\t<\/section>\n\t\t\t\t<section class=\"elementor-section elementor-top-section elementor-element elementor-element-62376c5 elementor-section-boxed elementor-section-height-default elementor-section-height-default\" data-id=\"62376c5\" data-element_type=\"section\">\n\t\t\t\t\t\t<div class=\"elementor-container elementor-column-gap-default\">\n\t\t\t\t\t<div class=\"elementor-column elementor-col-100 elementor-top-column elementor-element elementor-element-93a5a11\" data-id=\"93a5a11\" data-element_type=\"column\">\n\t\t\t<div class=\"elementor-widget-wrap elementor-element-populated\">\n\t\t\t\t\t\t\t\t<div class=\"elementor-element elementor-element-3ed1877 elementor-widget elementor-widget-image\" data-id=\"3ed1877\" data-element_type=\"widget\" data-widget_type=\"image.default\">\n\t\t\t\t<div class=\"elementor-widget-container\">\n\t\t\t\t\t\t\t\t\t\t\t\t\t\t\t<img loading=\"lazy\" decoding=\"async\" width=\"896\" height=\"598\" src=\"https:\/\/mkaexcellence.com\/wp-content\/uploads\/2025\/04\/Entretien.jpeg\" class=\"attachment-large size-large wp-image-16889\" alt=\"\" srcset=\"https:\/\/mkaexcellence.com\/wp-content\/uploads\/2025\/04\/Entretien.jpeg 896w, https:\/\/mkaexcellence.com\/wp-content\/uploads\/2025\/04\/Entretien-300x200.jpeg 300w, https:\/\/mkaexcellence.com\/wp-content\/uploads\/2025\/04\/Entretien-768x513.jpeg 768w, https:\/\/mkaexcellence.com\/wp-content\/uploads\/2025\/04\/Entretien-600x400.jpeg 600w\" sizes=\"auto, (max-width: 896px) 100vw, 896px\" \/>\t\t\t\t\t\t\t\t\t\t\t\t\t\t\t<\/div>\n\t\t\t\t<\/div>\n\t\t\t\t\t<\/div>\n\t\t<\/div>\n\t\t\t\t\t\t\t<\/div>\n\t\t<\/section>\n\t\t\t\t<section class=\"elementor-section elementor-top-section elementor-element elementor-element-4682988 elementor-section-boxed elementor-section-height-default elementor-section-height-default\" data-id=\"4682988\" data-element_type=\"section\">\n\t\t\t\t\t\t<div class=\"elementor-container elementor-column-gap-default\">\n\t\t\t\t\t<div class=\"elementor-column elementor-col-100 elementor-top-column elementor-element elementor-element-c97a1d3\" data-id=\"c97a1d3\" data-element_type=\"column\">\n\t\t\t<div class=\"elementor-widget-wrap elementor-element-populated\">\n\t\t\t\t\t\t\t\t<div class=\"elementor-element elementor-element-9f6a208 elementor-widget elementor-widget-text-editor\" data-id=\"9f6a208\" data-element_type=\"widget\" data-widget_type=\"text-editor.default\">\n\t\t\t\t<div class=\"elementor-widget-container\">\n\t\t\t\t\t\t\t<p>Lorsqu\u2019on parle d\u2019un entretien automobile, ce qu\u2019on a en t\u00eate en premier est la vidange. Elle consiste \u00e0 nettoyer le moteur en changeant d\u2019huile. Mais pourquoi faire une vidange est-elle si important ?<\/p>\t\t\t\t\t\t<\/div>\n\t\t\t\t<\/div>\n\t\t\t\t\t<\/div>\n\t\t<\/div>\n\t\t\t\t\t\t\t<\/div>\n\t\t<\/section>\n\t\t\t\t\t\t\t<\/div>\n\t\t","protected":false},"excerpt":{"rendered":"<p>Le nettoyage int\u00e9rieur est assur\u00e9 par un personnel form\u00e9. L\u00e0 aussi, pas de place \u00e0 l\u2019improvisation, le v\u00e9hicule passe sur un espace de finition couvert, permettant d\u2019accomplir \u00e0 l\u2019abri du vent et du soleil les phases de nettoyage des surfaces int\u00e9rieures et ext\u00e9rieures des vitres, des plastiques, tableau de bord\u2026 et d\u2019aspiration de l\u2019habitacle, tapis, [&hellip;]<\/p>\n","protected":false},"author":1,"featured_media":0,"parent":0,"menu_order":0,"comment_status":"closed","ping_status":"closed","template":"","meta":{"footnotes":""},"class_list":["post-15044","page","type-page","status-publish","hentry"],"_links":{"self":[{"href":"https:\/\/mkaexcellence.com\/index.php?rest_route=\/wp\/v2\/pages\/15044","targetHints":{"allow":["GET"]}}],"collection":[{"href":"https:\/\/mkaexcellence.com\/index.php?rest_route=\/wp\/v2\/pages"}],"about":[{"href":"https:\/\/mkaexcellence.com\/index.php?rest_route=\/wp\/v2\/types\/page"}],"author":[{"embeddable":true,"href":"https:\/\/mkaexcellence.com\/index.php?rest_route=\/wp\/v2\/users\/1"}],"replies":[{"embeddable":true,"href":"https:\/\/mkaexcellence.com\/index.php?rest_route=%2Fwp%2Fv2%2Fcomments&post=15044"}],"version-history":[{"count":48,"href":"https:\/\/mkaexcellence.com\/index.php?rest_route=\/wp\/v2\/pages\/15044\/revisions"}],"predecessor-version":[{"id":16893,"href":"https:\/\/mkaexcellence.com\/index.php?rest_route=\/wp\/v2\/pages\/15044\/revisions\/16893"}],"wp:attachment":[{"href":"https:\/\/mkaexcellence.com\/index.php?rest_route=%2Fwp%2Fv2%2Fmedia&parent=15044"}],"curies":[{"name":"wp","href":"https:\/\/api.w.org\/{rel}","templated":true}]}}